{"id":17,"date":"2023-06-28T16:33:53","date_gmt":"2023-06-28T14:33:53","guid":{"rendered":"http:\/\/www.y-chroniken.de\/?page_id=17"},"modified":"2024-07-12T20:28:31","modified_gmt":"2024-07-12T18:28:31","slug":"neues-zu-den-chroniken","status":"publish","type":"page","link":"http:\/\/www.y-chroniken.de\/?page_id=17","title":{"rendered":"Neues zu den Chroniken"},"content":{"rendered":"\n<p>&#8222;Im Untergrund arbeiten&#8220; bedeutet immer auch, langsam arbeiten. Wir w\u00fcrden gern die Chroniken besser und schneller bearbeiten, drucken und verteilen, doch angesichts der Gefahren, die eine Entdeckung mit sich br\u00e4chte, d\u00fcrfen wir nichts \u00fcberst\u00fcrzen.<\/p>\n\n\n\n<p>Ich bin jedoch stolz, euch mitzuteilen, dass wir die ersten Exemplare noch in der kommenden Saison verteilen k\u00f6nnen. Freundinnen, bald ist es soweit und die Geschichte von Anna und Jacek wird zum Wort, das wir vernehmen k\u00f6nnen. <\/p>\n\n\n\n<p>Diese erste Auskopplung der Chroniken soll &#8222;OBEN &#8211; UNTEN&#8220; hei\u00dfen. Oben und unten, weil sich die Welt scheinbar einmal auf den Kopf gestellt hat. Es ging so schnell, dass wir Frauen dabei den Kopf und damit unsere Erdung verloren haben. Unsere Orientierung ging in den Wirrungen verloren.<\/p>\n\n\n\n<p>Ich brauche euch nicht zu erkl\u00e4ren, wie sich unsere Welt ver\u00e4nderte. Welche vermisst nicht die alte Liebestrag\u00f6die <em>Romeo und Julia<\/em>, wenn sie statt dessen diese Lesbierversion <em>Julia und Juliette <\/em>lesen muss. An unkorrigierte Fassung von den alten Schmachtfetzen heranzukommen, ist inzwischen genauso schwierig geworden, die korrigierte Geschichte so zu entschl\u00fcsseln, dass man ihrer habhaft werden kann. Heute machen sich viele Feminista daran, im Auftrag der Forschung, die alten M\u00e4rchen in ihrer Urspr\u00fcnglichkeit zu erz\u00e4hlen, den <a href=\"http:\/\/www.goettin-holle.de\/PDF\/Schamanische-Elemente-im-Maerchen.pdf\"><strong>Frau Holle<\/strong><\/a> ist nicht nur eine Gute-Nacht-Geschichte, sie ist Teil der Erz\u00e4hlung von der Gro\u00dfen G\u00f6ttin, der Mutterg\u00f6ttin in Form der alten Weisen. Diese Geschichten sollen dann die Mythen wie Odysseus ersetzen! Es muss schon immer so gewesen sein, dass die Siegerm\u00e4chte die Geschichte umgebogen, weitergestellt und verschoben haben. Ist es jemals um so viel Grad geschehen?<\/p>\n\n\n\n<p>Liebe Schwestern, bitte erhaltet mit uns auch diesen Teil der Wahrheit, so gut es geht. Was w\u00e4re die Wahrheit ohne ihre perspektivische Vielfalt?<\/p>\n\n\n\n<p>Eure Emma<\/p>\n\n\n\n<p><\/p>\n","protected":false},"excerpt":{"rendered":"<p>&#8222;Im Untergrund arbeiten&#8220; bedeutet immer auch, langsam arbeiten. Wir w\u00fcrden gern die Chroniken besser und schneller bearbeiten, drucken und verteilen, doch angesichts der Gefahren, die eine Entdeckung mit sich br\u00e4chte, d\u00fcrfen wir nichts \u00fcberst\u00fcrzen. Ich bin jedoch stolz, euch mitzuteilen, dass wir die ersten Exemplare noch in der kommenden Saison verteilen k\u00f6nnen. Freundinnen, bald ist [&hellip;]<\/p>\n","protected":false},"author":1,"featured_media":0,"parent":0,"menu_order":0,"comment_status":"closed","ping_status":"closed","template":"","meta":{"footnotes":""},"class_list":["post-17","page","type-page","status-publish","hentry"],"_links":{"self":[{"href":"http:\/\/www.y-chroniken.de\/index.php?rest_route=\/wp\/v2\/pages\/17","targetHints":{"allow":["GET"]}}],"collection":[{"href":"http:\/\/www.y-chroniken.de\/index.php?rest_route=\/wp\/v2\/pages"}],"about":[{"href":"http:\/\/www.y-chroniken.de\/index.php?rest_route=\/wp\/v2\/types\/page"}],"author":[{"embeddable":true,"href":"http:\/\/www.y-chroniken.de\/index.php?rest_route=\/wp\/v2\/users\/1"}],"replies":[{"embeddable":true,"href":"http:\/\/www.y-chroniken.de\/index.php?rest_route=%2Fwp%2Fv2%2Fcomments&post=17"}],"version-history":[{"count":5,"href":"http:\/\/www.y-chroniken.de\/index.php?rest_route=\/wp\/v2\/pages\/17\/revisions"}],"predecessor-version":[{"id":169,"href":"http:\/\/www.y-chroniken.de\/index.php?rest_route=\/wp\/v2\/pages\/17\/revisions\/169"}],"wp:attachment":[{"href":"http:\/\/www.y-chroniken.de\/index.php?rest_route=%2Fwp%2Fv2%2Fmedia&parent=17"}],"curies":[{"name":"wp","href":"https:\/\/api.w.org\/{rel}","templated":true}]}}